{"id":2218,"date":"2026-01-21T13:56:06","date_gmt":"2026-01-21T11:56:06","guid":{"rendered":"https:\/\/izolaparadise.com\/polityka-plikow-cookie\/"},"modified":"2026-04-02T10:02:52","modified_gmt":"2026-04-02T07:02:52","slug":"cookie-policy","status":"publish","type":"page","link":"https:\/\/izolaparadise.com\/pl\/cookie-policy\/","title":{"rendered":"Polityka plik\u00f3w cookie"},"content":{"rendered":"\t\t<div data-elementor-type=\"wp-page\" data-elementor-id=\"2218\" class=\"elementor elementor-2218 elementor-1941\" data-elementor-post-type=\"page\">\n\t\t\t\t<div class=\"elementor-element elementor-element-036cbc3 e-flex e-con-boxed e-con e-parent\" data-id=\"036cbc3\" data-element_type=\"container\" data-e-type=\"container\">\n\t\t\t\t\t<div class=\"e-con-inner\">\n\t\t\t\t<div class=\"elementor-element elementor-element-e1d7962 elementor-widget elementor-widget-heading\" data-id=\"e1d7962\" data-element_type=\"widget\" data-e-type=\"widget\" data-widget_type=\"heading.default\">\n\t\t\t\t<div class=\"elementor-widget-container\">\n\t\t\t\t\t<h2 class=\"elementor-heading-title elementor-size-default\">Polityka plik\u00f3w cookie<\/h2>\t\t\t\t<\/div>\n\t\t\t\t<\/div>\n\t\t\t\t<div class=\"elementor-element elementor-element-82c2eac elementor-widget elementor-widget-heading\" data-id=\"82c2eac\" data-element_type=\"widget\" data-e-type=\"widget\" data-widget_type=\"heading.default\">\n\t\t\t\t<div class=\"elementor-widget-container\">\n\t\t\t\t\t<h2 class=\"elementor-heading-title elementor-size-default\">Wykorzystanie plik\u00f3w cookie<\/h2>\t\t\t\t<\/div>\n\t\t\t\t<\/div>\n\t\t\t\t<div class=\"elementor-element elementor-element-b498dba elementor-widget elementor-widget-text-editor\" data-id=\"b498dba\" data-element_type=\"widget\" data-e-type=\"widget\" data-widget_type=\"text-editor.default\">\n\t\t\t\t<div class=\"elementor-widget-container\">\n\t\t\t\t\t\t\t\t\tPliki cookie to kr\u00f3tkie pliki tekstowe lub niewielkie pakiety informacji, kt\u00f3re przegl\u0105darka internetowa zapisuje na Twoim urz\u0105dzeniu ko\u0144cowym (komputerze, tablecie, laptopie lub telefonie kom\u00f3rkowym) podczas odwiedzania r\u00f3\u017cnych witryn i stron w Internecie. G\u0142\u00f3wnym celem plik\u00f3w cookie jest umo\u017cliwienie rozpoznania u\u017cytkownika po powrocie na Stron\u0119 Internetow\u0105. Niekt\u00f3re pliki cookie maj\u0105 r\u00f3wnie\u017c bardziej szczeg\u00f3\u0142owe zastosowanie, takie jak zapami\u0119tywanie zachowa\u0144 u\u017cytkownika na Stronie Internetowej i u\u0142atwianie mu korzystania z niej. Wi\u0119cej informacji na temat dzia\u0142ania plik\u00f3w cookie mo\u017cna znale\u017a\u0107 w Internecie.   \t\t\t\t\t\t\t\t<\/div>\n\t\t\t\t<\/div>\n\t\t\t\t<div class=\"elementor-element elementor-element-ef9e8db elementor-widget elementor-widget-heading\" data-id=\"ef9e8db\" data-element_type=\"widget\" data-e-type=\"widget\" data-widget_type=\"heading.default\">\n\t\t\t\t<div class=\"elementor-widget-container\">\n\t\t\t\t\t<h2 class=\"elementor-heading-title elementor-size-default\">W jaki spos\u00f3b pliki cookie s\u0105 wykorzystywane na tej Stronie Internetowej?<\/h2>\t\t\t\t<\/div>\n\t\t\t\t<\/div>\n\t\t\t\t<div class=\"elementor-element elementor-element-4687f23 elementor-widget elementor-widget-text-editor\" data-id=\"4687f23\" data-element_type=\"widget\" data-e-type=\"widget\" data-widget_type=\"text-editor.default\">\n\t\t\t\t<div class=\"elementor-widget-container\">\n\t\t\t\t\t\t\t\t\tU\u017cywamy plik\u00f3w cookie na tej Stronie Internetowej przede wszystkim w celu u\u0142atwienia korzystania ze strony, usprawnienia jej dzia\u0142ania oraz przechowywania informacji o zachowaniach u\u017cytkownik\u00f3w. W tym procesie nie s\u0105 przechowywane \u017cadne dane osobowe, co oznacza, \u017ce \u200b\u200bza po\u015brednictwem plik\u00f3w cookie na stronie internetowej nie mo\u017cemy zidentyfikowa\u0107 u\u017cytkownika jako osoby, dlatego te\u017c ustawa o ochronie danych osobowych nie ma zastosowania do gromadzenia tych informacji. Informacje gromadzone przez pliki cookie s\u0105 zazwyczaj wykorzystywane w formie zagregowanej do analizy zachowa\u0144 u\u017cytkownik\u00f3w na Stronie Internetowej, co pozwala nam ulepsza\u0107 funkcjonalno\u015b\u0107 strony, \u015bcie\u017cki u\u017cytkownika i wykorzystywane tre\u015bci.  \t\t\t\t\t\t\t\t<\/div>\n\t\t\t\t<\/div>\n\t\t\t\t<div class=\"elementor-element elementor-element-963ffe7 elementor-widget elementor-widget-heading\" data-id=\"963ffe7\" data-element_type=\"widget\" data-e-type=\"widget\" data-widget_type=\"heading.default\">\n\t\t\t\t<div class=\"elementor-widget-container\">\n\t\t\t\t\t<h2 class=\"elementor-heading-title elementor-size-default\">Jakie pliki cookie s\u0105 u\u017cywane na tej Stronie Internetowej?<\/h2>\t\t\t\t<\/div>\n\t\t\t\t<\/div>\n\t\t\t\t<div class=\"elementor-element elementor-element-cd12483 elementor-widget elementor-widget-text-editor\" data-id=\"cd12483\" data-element_type=\"widget\" data-e-type=\"widget\" data-widget_type=\"text-editor.default\">\n\t\t\t\t<div class=\"elementor-widget-container\">\n\t\t\t\t\t\t\t\t\t<p>Pliki cookie sesji<\/p>\n<p>Ten rodzaj plik\u00f3w cookie u\u0142atwia korzystanie ze strony internetowej, tymczasowo przechowuj\u0105c informacje tylko w ramach sesji przegl\u0105darki. Zazwyczaj zapisywane s\u0105 w nich informacje o tym, jakie towary lub us\u0142ugi doda\u0142e\u015b do koszyka, kt\u00f3re strony witryny odwiedzi\u0142e\u015b oraz w jaki spos\u00f3b dotar\u0142e\u015b do okre\u015blonych informacji. Te pliki cookie nie gromadz\u0105 informacji z Twojego urz\u0105dzenia ko\u0144cowego i s\u0105 automatycznie usuwane po opuszczeniu strony internetowej lub zako\u0144czeniu sesji przegl\u0105darki.  <\/p>\n<p>Trwa\u0142e pliki cookie<\/p>\n<p>Umo\u017cliwiaj\u0105 nam one przechowywanie okre\u015blonych informacji o Twoim do\u015bwiadczeniu w przegl\u0105daniu witryny, takich jak analiza Twoich wizyt na stronie, spos\u00f3b dotarcia do witryny, przegl\u0105dane strony, wybrane opcje i miejsca, do kt\u00f3rych przeszed\u0142e\u015b w witrynie. \u015aledzenie tych informacji pozwala nam ulepsza\u0107 witryn\u0119, w tym korygowa\u0107 b\u0142\u0119dy i rozszerza\u0107 jej zawarto\u015b\u0107. Okres przechowywania tych plik\u00f3w cookie r\u00f3\u017cni si\u0119 w zale\u017cno\u015bci od ich konkretnego przeznaczenia.  <\/p>\n<p>Pliki cookie stron trzecich<\/p>\n<p>Nasza strona internetowa zawiera linki do innych witryn lub osadzone tre\u015bci z innych witryn, takich jak Facebook, YouTube, Twitter, Google+, LinkedIn i witryn partnerskich. Podczas odwiedzania tych witryn lub otwierania ich tre\u015bci, pliki cookie z tych witryn mog\u0105 zosta\u0107 zapisane na Twoim urz\u0105dzeniu ko\u0144cowym. Te pliki cookie s\u0105 definiowane jako \u201epliki cookie stron trzecich\u201d i nie mamy kontroli nad ich generowaniem ani zarz\u0105dzaniem nimi. Dlatego zalecamy zapoznanie si\u0119 z informacjami na ich temat i sposobem zarz\u0105dzania nimi na stronach internetowych odpowiednich podmiot\u00f3w trzecich.   <\/p>\t\t\t\t\t\t\t\t<\/div>\n\t\t\t\t<\/div>\n\t\t\t\t<div class=\"elementor-element elementor-element-8ce8d3a elementor-widget elementor-widget-heading\" data-id=\"8ce8d3a\" data-element_type=\"widget\" data-e-type=\"widget\" data-widget_type=\"heading.default\">\n\t\t\t\t<div class=\"elementor-widget-container\">\n\t\t\t\t\t<h2 class=\"elementor-heading-title elementor-size-default\">W jaki spos\u00f3b mog\u0119 zarz\u0105dza\u0107 wykorzystywaniem plik\u00f3w cookie przez t\u0119 Stron\u0119 internetow\u0105?<\/h2>\t\t\t\t<\/div>\n\t\t\t\t<\/div>\n\t\t\t\t<div class=\"elementor-element elementor-element-ad2b17d elementor-widget elementor-widget-text-editor\" data-id=\"ad2b17d\" data-element_type=\"widget\" data-e-type=\"widget\" data-widget_type=\"text-editor.default\">\n\t\t\t\t<div class=\"elementor-widget-container\">\n\t\t\t\t\t\t\t\t\tWszystkie przegl\u0105darki umo\u017cliwiaj\u0105 zarz\u0105dzanie plikami cookie z dedykowanego folderu w przegl\u0105darce. Mo\u017cesz zablokowa\u0107 otrzymywanie plik\u00f3w cookie, usun\u0105\u0107 wszystkie lub niekt\u00f3re z nich, a tak\u017ce ustawi\u0107 preferencje dotycz\u0105ce ich u\u017cywania przed rozpocz\u0119ciem wizyty na naszej stronie. Nale\u017cy pami\u0119ta\u0107, \u017ce usuni\u0119cie lub zablokowanie plik\u00f3w cookie mo\u017ce negatywnie wp\u0142yn\u0105\u0107 na funkcjonalno\u015b\u0107 naszej Witryny, a tym samym na komfort korzystania z niej.  \t\t\t\t\t\t\t\t<\/div>\n\t\t\t\t<\/div>\n\t\t\t\t<div class=\"elementor-element elementor-element-fd373db elementor-widget elementor-widget-heading\" data-id=\"fd373db\" data-element_type=\"widget\" data-e-type=\"widget\" data-widget_type=\"heading.default\">\n\t\t\t\t<div class=\"elementor-widget-container\">\n\t\t\t\t\t<h2 class=\"elementor-heading-title elementor-size-default\">Wy\u0142\u0105cz lub zablokuj pliki cookie<\/h2>\t\t\t\t<\/div>\n\t\t\t\t<\/div>\n\t\t\t\t<div class=\"elementor-element elementor-element-8a55151 elementor-widget elementor-widget-heading\" data-id=\"8a55151\" data-element_type=\"widget\" data-e-type=\"widget\" data-widget_type=\"heading.default\">\n\t\t\t\t<div class=\"elementor-widget-container\">\n\t\t\t\t\t<h2 class=\"elementor-heading-title elementor-size-default\">Wykorzystanie plik\u00f3w cookie<\/h2>\t\t\t\t<\/div>\n\t\t\t\t<\/div>\n\t\t\t\t<div class=\"elementor-element elementor-element-48f1743 elementor-widget elementor-widget-text-editor\" data-id=\"48f1743\" data-element_type=\"widget\" data-e-type=\"widget\" data-widget_type=\"text-editor.default\">\n\t\t\t\t<div class=\"elementor-widget-container\">\n\t\t\t\t\t\t\t\t\tKontrolowanie, wy\u0142\u0105czanie lub blokowanie plik\u00f3w cookie odbywa si\u0119 za pomoc\u0105 ustawie\u0144 przegl\u0105darki. Nale\u017cy pami\u0119ta\u0107, \u017ce ca\u0142kowite zablokowanie wszystkich plik\u00f3w cookie mo\u017ce wp\u0142yn\u0105\u0107 na funkcjonalno\u015b\u0107 witryny, jej wydajno\u015b\u0107 i dost\u0119pno\u015b\u0107 niekt\u00f3rych informacji. \t\t\t\t\t\t\t\t<\/div>\n\t\t\t\t<\/div>\n\t\t\t\t\t<\/div>\n\t\t\t\t<\/div>\n\t\t\t\t<\/div>\n\t\t","protected":false},"excerpt":{"rendered":"<p>Wykorzystanie plik\u00f3w cookie Pliki cookie to kr\u00f3tkie pliki tekstowe lub niewielkie pakiety informacji, kt\u00f3re przegl\u0105darka internetowa zapisuje na Twoim urz\u0105dzeniu ko\u0144cowym (komputerze, tablecie, laptopie lub telefonie kom\u00f3rkowym) podczas odwiedzania r\u00f3\u017cnych witryn i stron w Internecie. G\u0142\u00f3wnym celem plik\u00f3w cookie jest umo\u017cliwienie rozpoznania u\u017cytkownika po powrocie na Stron\u0119 Internetow\u0105. Niekt\u00f3re pliki cookie maj\u0105 r\u00f3wnie\u017c bardziej szczeg\u00f3\u0142owe [&hellip;]<\/p>\n","protected":false},"author":2,"featured_media":0,"parent":0,"menu_order":0,"comment_status":"closed","ping_status":"closed","template":"","meta":{"footnotes":""},"class_list":["post-2218","page","type-page","status-publish","hentry"],"_links":{"self":[{"href":"https:\/\/izolaparadise.com\/pl\/wp-json\/wp\/v2\/pages\/2218","targetHints":{"allow":["GET"]}}],"collection":[{"href":"https:\/\/izolaparadise.com\/pl\/wp-json\/wp\/v2\/pages"}],"about":[{"href":"https:\/\/izolaparadise.com\/pl\/wp-json\/wp\/v2\/types\/page"}],"author":[{"embeddable":true,"href":"https:\/\/izolaparadise.com\/pl\/wp-json\/wp\/v2\/users\/2"}],"replies":[{"embeddable":true,"href":"https:\/\/izolaparadise.com\/pl\/wp-json\/wp\/v2\/comments?post=2218"}],"version-history":[{"count":3,"href":"https:\/\/izolaparadise.com\/pl\/wp-json\/wp\/v2\/pages\/2218\/revisions"}],"predecessor-version":[{"id":2221,"href":"https:\/\/izolaparadise.com\/pl\/wp-json\/wp\/v2\/pages\/2218\/revisions\/2221"}],"wp:attachment":[{"href":"https:\/\/izolaparadise.com\/pl\/wp-json\/wp\/v2\/media?parent=2218"}],"curies":[{"name":"wp","href":"https:\/\/api.w.org\/{rel}","templated":true}]}}