{"id":2336,"date":"2025-04-01T15:33:11","date_gmt":"2025-04-01T12:33:11","guid":{"rendered":"https:\/\/izolaparadise.com\/strona-glowna\/"},"modified":"2026-04-16T10:48:45","modified_gmt":"2026-04-16T07:48:45","slug":"home","status":"publish","type":"page","link":"https:\/\/izolaparadise.com\/pl\/","title":{"rendered":"Strona g\u0142\u00f3wna"},"content":{"rendered":"\t\t<div data-elementor-type=\"wp-page\" data-elementor-id=\"2336\" class=\"elementor elementor-2336 elementor-37\" data-elementor-post-type=\"page\">\n\t\t\t\t<div class=\"elementor-element elementor-element-8b48368 e-con-full e-flex e-con e-parent\" data-id=\"8b48368\" data-element_type=\"container\" data-e-type=\"container\" data-settings=\"{&quot;background_background&quot;:&quot;slideshow&quot;,&quot;background_slideshow_gallery&quot;:[{&quot;id&quot;:2227,&quot;url&quot;:&quot;http:\\\/\\\/izolaparadise.com\\\/wp-content\\\/uploads\\\/2026\\\/01\\\/hero2.jpg&quot;},{&quot;id&quot;:2334,&quot;url&quot;:&quot;http:\\\/\\\/izolaparadise.com\\\/wp-content\\\/uploads\\\/2026\\\/01\\\/hero.jpg&quot;},{&quot;id&quot;:2335,&quot;url&quot;:&quot;http:\\\/\\\/izolaparadise.com\\\/wp-content\\\/uploads\\\/2026\\\/01\\\/hero3.jpg&quot;}],&quot;background_slideshow_transition_duration&quot;:1000,&quot;background_slideshow_ken_burns&quot;:&quot;yes&quot;,&quot;background_slideshow_loop&quot;:&quot;yes&quot;,&quot;background_slideshow_slide_duration&quot;:5000,&quot;background_slideshow_slide_transition&quot;:&quot;fade&quot;,&quot;background_slideshow_ken_burns_zoom_direction&quot;:&quot;in&quot;}\">\n\t\t\t\t<\/div>\n\t\t<div class=\"elementor-element elementor-element-0bed127 e-con-full e-flex e-con e-parent\" data-id=\"0bed127\" data-element_type=\"container\" data-e-type=\"container\" data-settings=\"{&quot;background_background&quot;:&quot;classic&quot;}\">\n\t\t\t\t<div class=\"elementor-element elementor-element-221a46f elementor-widget elementor-widget-html\" data-id=\"221a46f\" data-element_type=\"widget\" data-e-type=\"widget\" data-widget_type=\"html.default\">\n\t\t\t\t<div class=\"elementor-widget-container\">\n\t\t\t\t\t<div id=\"quendoo-bcw\"><\/div>\r\n<script>\r\n\t(function(w,e){\r\n\t\tlet key = 'Sf9DsVJhwa'; \r\n\t\tlet locale = 'en-GB';\r\n\t\tlet currency = 'EUR';\r\n\t\tlet uiSettings = {buttonText:'zarezerwuj', colorTheme:'null'};\r\n\t\tif(!w.isLoadedQuendooBCW){\r\n\t\t\tw.isLoadedQuendooBCW = true;\r\n\t\t\tlet s=w.document.createElement('script');s.type='text\/javascript';s.async=!0;\r\n\t\t\ts.src='http'+(w.location.protocol=='http:'?'':'s')+':\/\/booking.quendoo.com\/fe-widgets\/booking-calendar\/widget.js?v=1&t='+Date.now();\r\n\t\t\ts.onload = function(){\r\n\t\t\tinitQuendooBookingCalendarWidget(w,e,key,locale,currency,uiSettings);\r\n\t\t\t};\r\n\t\t\t(w.document.getElementsByTagName('head')[0]||w.document.getElementsByTagName('body')[0]).appendChild(s);\r\n\t\t} else {\r\n\t\t\tinitQuendooBookingCalendarWidget(w,e,key,locale,currency,uiSettings);\r\n\t\t}\r\n\t})(window,document.getElementById('quendoo-bcw'));\r\n<\/script>\r\n\t\t\t\t<\/div>\n\t\t\t\t<\/div>\n\t\t\t\t<\/div>\n\t\t<div class=\"elementor-element elementor-element-8cf12da e-flex e-con-boxed e-con e-parent\" data-id=\"8cf12da\" data-element_type=\"container\" data-e-type=\"container\">\n\t\t\t\t\t<div class=\"e-con-inner\">\n\t\t<div class=\"elementor-element elementor-element-826f702 e-con-full e-flex elementor-invisible e-con e-child\" data-id=\"826f702\" data-element_type=\"container\" data-e-type=\"container\" data-settings=\"{&quot;background_background&quot;:&quot;classic&quot;,&quot;animation&quot;:&quot;fadeInLeft&quot;}\">\n\t\t\t\t<div class=\"elementor-element elementor-element-2a58e7a elementor-widget elementor-widget-heading\" data-id=\"2a58e7a\" data-element_type=\"widget\" data-e-type=\"widget\" data-widget_type=\"heading.default\">\n\t\t\t\t<div class=\"elementor-widget-container\">\n\t\t\t\t\t<h2 class=\"elementor-heading-title elementor-size-default\">O hotelu<\/h2>\t\t\t\t<\/div>\n\t\t\t\t<\/div>\n\t\t\t\t<div class=\"elementor-element elementor-element-81e2c79 elementor-widget elementor-widget-text-editor\" data-id=\"81e2c79\" data-element_type=\"widget\" data-e-type=\"widget\" data-widget_type=\"text-editor.default\">\n\t\t\t\t<div class=\"elementor-widget-container\">\n\t\t\t\t\t\t\t\t\t<p>Klasyczny przestronny czterogwiazdkowy hotel Izola Paradise po\u0142o\u017cony jest w spokojnej okolicy. Kilka minut spacerem od centrum najwi\u0119kszego bu\u0142garskiego kurortu nadmorskiego &#8211; S\u0142onecznego Brzegu. Hotel oferuje all inclusive i r\u00f3\u017cnorodne posi\u0142ki i napoje. Hotel Izola Paradise dysponuje 16. apartamentami z jedn\u0105 sypialni\u0105, 40. du\u017cymi pokojami i 180. dwuosobowymi pokojami standardowymi. Wszystkie pokoje s\u0105 przytulne i komfortowo umeblowane, posiadaj\u0105 tarasy i wyposa\u017cone s\u0105 w telewizor LCD, telefon, mini lod\u00f3wk\u0119, centraln\u0105 klimatyzacj\u0119.    <\/p>\t\t\t\t\t\t\t\t<\/div>\n\t\t\t\t<\/div>\n\t\t\t\t<\/div>\n\t\t\t\t<div class=\"elementor-element elementor-element-7bc91fe elementor-widget__width-initial elementor-invisible elementor-widget elementor-widget-image\" data-id=\"7bc91fe\" data-element_type=\"widget\" data-e-type=\"widget\" data-settings=\"{&quot;_animation&quot;:&quot;fadeInRight&quot;}\" data-widget_type=\"image.default\">\n\t\t\t\t<div class=\"elementor-widget-container\">\n\t\t\t\t\t\t\t\t\t\t\t\t\t\t\t<img fetchpriority=\"high\" decoding=\"async\" width=\"800\" height=\"534\" src=\"https:\/\/izolaparadise.com\/wp-content\/uploads\/2026\/01\/lobby-1024x684.jpg\" class=\"attachment-large size-large wp-image-2285\" alt=\"\" srcset=\"https:\/\/izolaparadise.com\/wp-content\/uploads\/2026\/01\/lobby-1024x684.jpg 1024w, https:\/\/izolaparadise.com\/wp-content\/uploads\/2026\/01\/lobby-300x200.jpg 300w, https:\/\/izolaparadise.com\/wp-content\/uploads\/2026\/01\/lobby-768x513.jpg 768w, https:\/\/izolaparadise.com\/wp-content\/uploads\/2026\/01\/lobby-1536x1026.jpg 1536w, https:\/\/izolaparadise.com\/wp-content\/uploads\/2026\/01\/lobby.jpg 1920w\" sizes=\"(max-width: 800px) 100vw, 800px\" \/>\t\t\t\t\t\t\t\t\t\t\t\t\t\t\t<\/div>\n\t\t\t\t<\/div>\n\t\t\t\t<div class=\"elementor-element elementor-element-777e865 elementor-widget__width-initial elementor-invisible elementor-widget elementor-widget-image\" data-id=\"777e865\" data-element_type=\"widget\" data-e-type=\"widget\" data-settings=\"{&quot;_animation&quot;:&quot;fadeInLeft&quot;}\" data-widget_type=\"image.default\">\n\t\t\t\t<div class=\"elementor-widget-container\">\n\t\t\t\t\t\t\t\t\t\t\t\t\t\t\t<img decoding=\"async\" width=\"1920\" height=\"1282\" src=\"https:\/\/izolaparadise.com\/wp-content\/uploads\/2026\/01\/double-room-1.jpg\" class=\"attachment-full size-full wp-image-2238\" alt=\"\" srcset=\"https:\/\/izolaparadise.com\/wp-content\/uploads\/2026\/01\/double-room-1.jpg 1920w, https:\/\/izolaparadise.com\/wp-content\/uploads\/2026\/01\/double-room-1-300x200.jpg 300w, https:\/\/izolaparadise.com\/wp-content\/uploads\/2026\/01\/double-room-1-1024x684.jpg 1024w, https:\/\/izolaparadise.com\/wp-content\/uploads\/2026\/01\/double-room-1-768x513.jpg 768w, https:\/\/izolaparadise.com\/wp-content\/uploads\/2026\/01\/double-room-1-1536x1026.jpg 1536w\" sizes=\"(max-width: 1920px) 100vw, 1920px\" \/>\t\t\t\t\t\t\t\t\t\t\t\t\t\t\t<\/div>\n\t\t\t\t<\/div>\n\t\t<div class=\"elementor-element elementor-element-c7c5207 e-con-full e-flex elementor-invisible e-con e-child\" data-id=\"c7c5207\" data-element_type=\"container\" data-e-type=\"container\" data-settings=\"{&quot;background_background&quot;:&quot;classic&quot;,&quot;animation&quot;:&quot;fadeInRight&quot;}\">\n\t\t\t\t<div class=\"elementor-element elementor-element-73903da elementor-widget elementor-widget-heading\" data-id=\"73903da\" data-element_type=\"widget\" data-e-type=\"widget\" data-widget_type=\"heading.default\">\n\t\t\t\t<div class=\"elementor-widget-container\">\n\t\t\t\t\t<h2 class=\"elementor-heading-title elementor-size-default\">Zakwaterowanie<\/h2>\t\t\t\t<\/div>\n\t\t\t\t<\/div>\n\t\t\t\t<div class=\"elementor-element elementor-element-286de41 elementor-widget elementor-widget-text-editor\" data-id=\"286de41\" data-element_type=\"widget\" data-e-type=\"widget\" data-widget_type=\"text-editor.default\">\n\t\t\t\t<div class=\"elementor-widget-container\">\n\t\t\t\t\t\t\t\t\t<p>Hotel Izola Paradise oferuje zakwaterowanie w apartamentach, du\u017cych pokojach i standardowych pokojach dwuosobowych. Pokoje s\u0105 przestronne, wygodne, w pe\u0142ni wyposa\u017cone i komfortowo urz\u0105dzone. Ka\u017cdy pok\u00f3j wyposa\u017cony jest w centraln\u0105 klimatyzacj\u0119 z indywidualnym sterownikiem, telewizor LCD z kana\u0142ami telewizji kablowej, telefon i mini lod\u00f3wk\u0119. \u0141azienki wyposa\u017cone s\u0105 w prysznic, telefon alarmowy, suszark\u0119 do w\u0142os\u00f3w, przybory toaletowe i zestaw r\u0119cznik\u00f3w dla ka\u017cdego Go\u015bcia. Wszystkie pokoje dysponuj\u0105 tarasem wyposa\u017conym w dwa krzes\u0142a i stolik.    <\/p>\t\t\t\t\t\t\t\t<\/div>\n\t\t\t\t<\/div>\n\t\t\t\t<div class=\"elementor-element elementor-element-e1e14c2 elementor-align-center elementor-widget elementor-widget-button\" data-id=\"e1e14c2\" data-element_type=\"widget\" data-e-type=\"widget\" data-widget_type=\"button.default\">\n\t\t\t\t<div class=\"elementor-widget-container\">\n\t\t\t\t\t\t\t\t\t<div class=\"elementor-button-wrapper\">\n\t\t\t\t\t<a class=\"elementor-button elementor-button-link elementor-size-sm\" href=\"https:\/\/izolaparadise.com\/pl\/room\/\">\n\t\t\t\t\t\t<span class=\"elementor-button-content-wrapper\">\n\t\t\t\t\t\t\t\t\t<span class=\"elementor-button-text\">Zobacz wi\u0119cej<\/span>\n\t\t\t\t\t<\/span>\n\t\t\t\t\t<\/a>\n\t\t\t\t<\/div>\n\t\t\t\t\t\t\t\t<\/div>\n\t\t\t\t<\/div>\n\t\t\t\t<\/div>\n\t\t<div class=\"elementor-element elementor-element-711a26f e-con-full e-flex elementor-invisible e-con e-child\" data-id=\"711a26f\" data-element_type=\"container\" data-e-type=\"container\" data-settings=\"{&quot;background_background&quot;:&quot;classic&quot;,&quot;animation&quot;:&quot;fadeInLeft&quot;}\">\n\t\t\t\t<div class=\"elementor-element elementor-element-baaa170 elementor-widget elementor-widget-heading\" data-id=\"baaa170\" data-element_type=\"widget\" data-e-type=\"widget\" data-widget_type=\"heading.default\">\n\t\t\t\t<div class=\"elementor-widget-container\">\n\t\t\t\t\t<h2 class=\"elementor-heading-title elementor-size-default\">RESTAURACJE I BARY<\/h2>\t\t\t\t<\/div>\n\t\t\t\t<\/div>\n\t\t\t\t<div class=\"elementor-element elementor-element-d1bd643 elementor-widget elementor-widget-text-editor\" data-id=\"d1bd643\" data-element_type=\"widget\" data-e-type=\"widget\" data-widget_type=\"text-editor.default\">\n\t\t\t\t<div class=\"elementor-widget-container\">\n\t\t\t\t\t\t\t\t\t<p>Restauracja hotelowa dysponuje 370. miejscami wewn\u0105trz i dodatkowe 150 na zacienionym tarasie na ciep\u0142e letnie wieczory z mi\u0142ym widokiem na o\u015bwietlony odkryty basen.<\/p><p>Kawiarnia-bar z tarasem przy basenie (30 miejsc) jest idealnym miejscem na orze\u017awiaj\u0105cego drinka.<\/p>\t\t\t\t\t\t\t\t<\/div>\n\t\t\t\t<\/div>\n\t\t\t\t<div class=\"elementor-element elementor-element-3d6e317 elementor-align-center elementor-widget elementor-widget-button\" data-id=\"3d6e317\" data-element_type=\"widget\" data-e-type=\"widget\" data-widget_type=\"button.default\">\n\t\t\t\t<div class=\"elementor-widget-container\">\n\t\t\t\t\t\t\t\t\t<div class=\"elementor-button-wrapper\">\n\t\t\t\t\t<a class=\"elementor-button elementor-button-link elementor-size-sm\" href=\"https:\/\/izolaparadise.com\/pl\/about-hotel\/#rest\">\n\t\t\t\t\t\t<span class=\"elementor-button-content-wrapper\">\n\t\t\t\t\t\t\t\t\t<span class=\"elementor-button-text\">Zobacz wi\u0119cej<\/span>\n\t\t\t\t\t<\/span>\n\t\t\t\t\t<\/a>\n\t\t\t\t<\/div>\n\t\t\t\t\t\t\t\t<\/div>\n\t\t\t\t<\/div>\n\t\t\t\t<\/div>\n\t\t\t\t<div class=\"elementor-element elementor-element-8d92eda elementor-widget__width-initial elementor-invisible elementor-widget elementor-widget-image\" data-id=\"8d92eda\" data-element_type=\"widget\" data-e-type=\"widget\" data-settings=\"{&quot;_animation&quot;:&quot;fadeInRight&quot;}\" data-widget_type=\"image.default\">\n\t\t\t\t<div class=\"elementor-widget-container\">\n\t\t\t\t\t\t\t\t\t\t\t\t\t\t\t<img decoding=\"async\" width=\"800\" height=\"534\" src=\"https:\/\/izolaparadise.com\/wp-content\/uploads\/2026\/01\/\u0420\u0435\u0441\u0442\u043e\u0440\u0430\u043d\u0442-1-1024x684.jpg\" class=\"attachment-large size-large wp-image-2258\" alt=\"\" srcset=\"https:\/\/izolaparadise.com\/wp-content\/uploads\/2026\/01\/\u0420\u0435\u0441\u0442\u043e\u0440\u0430\u043d\u0442-1-1024x684.jpg 1024w, https:\/\/izolaparadise.com\/wp-content\/uploads\/2026\/01\/\u0420\u0435\u0441\u0442\u043e\u0440\u0430\u043d\u0442-1-300x200.jpg 300w, https:\/\/izolaparadise.com\/wp-content\/uploads\/2026\/01\/\u0420\u0435\u0441\u0442\u043e\u0440\u0430\u043d\u0442-1-768x513.jpg 768w, https:\/\/izolaparadise.com\/wp-content\/uploads\/2026\/01\/\u0420\u0435\u0441\u0442\u043e\u0440\u0430\u043d\u0442-1-1536x1026.jpg 1536w, https:\/\/izolaparadise.com\/wp-content\/uploads\/2026\/01\/\u0420\u0435\u0441\u0442\u043e\u0440\u0430\u043d\u0442-1.jpg 1920w\" sizes=\"(max-width: 800px) 100vw, 800px\" \/>\t\t\t\t\t\t\t\t\t\t\t\t\t\t\t<\/div>\n\t\t\t\t<\/div>\n\t\t\t\t<div class=\"elementor-element elementor-element-963cdcf elementor-widget__width-initial elementor-invisible elementor-widget elementor-widget-image\" data-id=\"963cdcf\" data-element_type=\"widget\" data-e-type=\"widget\" data-settings=\"{&quot;_animation&quot;:&quot;fadeInRight&quot;}\" data-widget_type=\"image.default\">\n\t\t\t\t<div class=\"elementor-widget-container\">\n\t\t\t\t\t\t\t\t\t\t\t\t\t\t\t<img loading=\"lazy\" decoding=\"async\" width=\"800\" height=\"534\" src=\"https:\/\/izolaparadise.com\/wp-content\/uploads\/2026\/01\/hero-1024x684.jpg\" class=\"attachment-large size-large wp-image-2334\" alt=\"\" srcset=\"https:\/\/izolaparadise.com\/wp-content\/uploads\/2026\/01\/hero-1024x684.jpg 1024w, https:\/\/izolaparadise.com\/wp-content\/uploads\/2026\/01\/hero-300x200.jpg 300w, https:\/\/izolaparadise.com\/wp-content\/uploads\/2026\/01\/hero-768x513.jpg 768w, https:\/\/izolaparadise.com\/wp-content\/uploads\/2026\/01\/hero-1536x1026.jpg 1536w, https:\/\/izolaparadise.com\/wp-content\/uploads\/2026\/01\/hero.jpg 1920w\" sizes=\"(max-width: 800px) 100vw, 800px\" \/>\t\t\t\t\t\t\t\t\t\t\t\t\t\t\t<\/div>\n\t\t\t\t<\/div>\n\t\t<div class=\"elementor-element elementor-element-c78f699 e-con-full e-flex elementor-invisible e-con e-child\" data-id=\"c78f699\" data-element_type=\"container\" data-e-type=\"container\" data-settings=\"{&quot;background_background&quot;:&quot;classic&quot;,&quot;animation&quot;:&quot;fadeInLeft&quot;}\">\n\t\t\t\t<div class=\"elementor-element elementor-element-5d59f40 elementor-widget elementor-widget-heading\" data-id=\"5d59f40\" data-element_type=\"widget\" data-e-type=\"widget\" data-widget_type=\"heading.default\">\n\t\t\t\t<div class=\"elementor-widget-container\">\n\t\t\t\t\t<h2 class=\"elementor-heading-title elementor-size-default\">Baseny i strefa relaksu\n<\/h2>\t\t\t\t<\/div>\n\t\t\t\t<\/div>\n\t\t\t\t<div class=\"elementor-element elementor-element-ec4094e elementor-widget elementor-widget-text-editor\" data-id=\"ec4094e\" data-element_type=\"widget\" data-e-type=\"widget\" data-widget_type=\"text-editor.default\">\n\t\t\t\t<div class=\"elementor-widget-container\">\n\t\t\t\t\t\t\t\t\t<p>Hotel dysponuje 3. odkrytymi basenami, w tym jednym dla dzieci. Basen dla dzieci jest zabezpieczony ogrodzeniem i ma mini zje\u017cd\u017calni\u0119 dla dzieci. <\/p><p>Strefa relaksu &#8211; idealne miejsce zapewniaj\u0105ce pe\u0142en komfort.<\/p>\t\t\t\t\t\t\t\t<\/div>\n\t\t\t\t<\/div>\n\t\t\t\t<div class=\"elementor-element elementor-element-13d69b4 elementor-align-center elementor-widget elementor-widget-button\" data-id=\"13d69b4\" data-element_type=\"widget\" data-e-type=\"widget\" data-widget_type=\"button.default\">\n\t\t\t\t<div class=\"elementor-widget-container\">\n\t\t\t\t\t\t\t\t\t<div class=\"elementor-button-wrapper\">\n\t\t\t\t\t<a class=\"elementor-button elementor-button-link elementor-size-sm\" href=\"https:\/\/izolaparadise.com\/pl\/about-hotel\/#pool\">\n\t\t\t\t\t\t<span class=\"elementor-button-content-wrapper\">\n\t\t\t\t\t\t\t\t\t<span class=\"elementor-button-text\">Zobacz wi\u0119cej<\/span>\n\t\t\t\t\t<\/span>\n\t\t\t\t\t<\/a>\n\t\t\t\t<\/div>\n\t\t\t\t\t\t\t\t<\/div>\n\t\t\t\t<\/div>\n\t\t\t\t<\/div>\n\t\t<div class=\"elementor-element elementor-element-33d1c5f e-con-full e-flex elementor-invisible e-con e-child\" data-id=\"33d1c5f\" data-element_type=\"container\" data-e-type=\"container\" data-settings=\"{&quot;background_background&quot;:&quot;classic&quot;,&quot;animation&quot;:&quot;fadeInLeft&quot;}\">\n\t\t\t\t<div class=\"elementor-element elementor-element-27999a9 elementor-widget elementor-widget-heading\" data-id=\"27999a9\" data-element_type=\"widget\" data-e-type=\"widget\" data-widget_type=\"heading.default\">\n\t\t\t\t<div class=\"elementor-widget-container\">\n\t\t\t\t\t<h2 class=\"elementor-heading-title elementor-size-default\">Rozrywka\n<\/h2>\t\t\t\t<\/div>\n\t\t\t\t<\/div>\n\t\t\t\t<div class=\"elementor-element elementor-element-6f88b6f elementor-widget elementor-widget-text-editor\" data-id=\"6f88b6f\" data-element_type=\"widget\" data-e-type=\"widget\" data-widget_type=\"text-editor.default\">\n\t\t\t\t<div class=\"elementor-widget-container\">\n\t\t\t\t\t\t\t\t\t<p>Hotel Izola Paradise oferuje r\u00f3\u017cnorodne zaj\u0119cia sportowe i rekreacyjne &#8211; bilard, tenis sto\u0142owy i rzutki. A dla naszych najwa\u017cniejszych go\u015bci &#8211; dzieci, z wielk\u0105 mi\u0142o\u015bci\u0105 i uwag\u0105 oferujemy program edukacyjny i rozrywkowy. <\/p>\t\t\t\t\t\t\t\t<\/div>\n\t\t\t\t<\/div>\n\t\t\t\t<div class=\"elementor-element elementor-element-ddd5112 elementor-align-center elementor-widget elementor-widget-button\" data-id=\"ddd5112\" data-element_type=\"widget\" data-e-type=\"widget\" data-widget_type=\"button.default\">\n\t\t\t\t<div class=\"elementor-widget-container\">\n\t\t\t\t\t\t\t\t\t<div class=\"elementor-button-wrapper\">\n\t\t\t\t\t<a class=\"elementor-button elementor-button-link elementor-size-sm\" href=\"https:\/\/izolaparadise.com\/pl\/about-hotel\/#fitness\">\n\t\t\t\t\t\t<span class=\"elementor-button-content-wrapper\">\n\t\t\t\t\t\t\t\t\t<span class=\"elementor-button-text\">Zobacz wi\u0119cej<\/span>\n\t\t\t\t\t<\/span>\n\t\t\t\t\t<\/a>\n\t\t\t\t<\/div>\n\t\t\t\t\t\t\t\t<\/div>\n\t\t\t\t<\/div>\n\t\t\t\t<\/div>\n\t\t\t\t<div class=\"elementor-element elementor-element-5237f31 elementor-widget__width-initial elementor-invisible elementor-widget elementor-widget-image\" data-id=\"5237f31\" data-element_type=\"widget\" data-e-type=\"widget\" data-settings=\"{&quot;_animation&quot;:&quot;fadeInRight&quot;}\" data-widget_type=\"image.default\">\n\t\t\t\t<div class=\"elementor-widget-container\">\n\t\t\t\t\t\t\t\t\t\t\t\t\t\t\t<img loading=\"lazy\" decoding=\"async\" width=\"800\" height=\"534\" src=\"https:\/\/izolaparadise.com\/wp-content\/uploads\/2026\/01\/zabavleniya-1024x684.jpg\" class=\"attachment-large size-large wp-image-2267\" alt=\"\" srcset=\"https:\/\/izolaparadise.com\/wp-content\/uploads\/2026\/01\/zabavleniya-1024x684.jpg 1024w, https:\/\/izolaparadise.com\/wp-content\/uploads\/2026\/01\/zabavleniya-300x200.jpg 300w, https:\/\/izolaparadise.com\/wp-content\/uploads\/2026\/01\/zabavleniya-768x513.jpg 768w, https:\/\/izolaparadise.com\/wp-content\/uploads\/2026\/01\/zabavleniya-1536x1026.jpg 1536w, https:\/\/izolaparadise.com\/wp-content\/uploads\/2026\/01\/zabavleniya.jpg 1920w\" sizes=\"(max-width: 800px) 100vw, 800px\" \/>\t\t\t\t\t\t\t\t\t\t\t\t\t\t\t<\/div>\n\t\t\t\t<\/div>\n\t\t\t\t\t<\/div>\n\t\t\t\t<\/div>\n\t\t<div class=\"elementor-element elementor-element-9a5be71 e-con-full e-flex elementor-invisible e-con e-parent\" data-id=\"9a5be71\" data-element_type=\"container\" data-e-type=\"container\" data-settings=\"{&quot;background_background&quot;:&quot;classic&quot;,&quot;animation&quot;:&quot;fadeInRight&quot;}\">\n\t\t\t\t<div class=\"elementor-element elementor-element-9d91b11 elementor-widget elementor-widget-heading\" data-id=\"9d91b11\" data-element_type=\"widget\" data-e-type=\"widget\" data-widget_type=\"heading.default\">\n\t\t\t\t<div class=\"elementor-widget-container\">\n\t\t\t\t\t<h2 class=\"elementor-heading-title elementor-size-default\">All inclusive<\/h2>\t\t\t\t<\/div>\n\t\t\t\t<\/div>\n\t\t\t\t<div class=\"elementor-element elementor-element-2772fad elementor-widget__width-initial elementor-widget elementor-widget-text-editor\" data-id=\"2772fad\" data-element_type=\"widget\" data-e-type=\"widget\" data-widget_type=\"text-editor.default\">\n\t\t\t\t<div class=\"elementor-widget-container\">\n\t\t\t\t\t\t\t\t\t<p>\u015aniadanie, obiad i kolacja podaje si\u0119 w formie bufetu, a nasi Go\u015bcie mog\u0105 wybiera\u0107 spo\u015br\u00f3d pysznych da\u0144 kuchni bu\u0142garskiej i mi\u0119dzynarodowej.<\/p>\t\t\t\t\t\t\t\t<\/div>\n\t\t\t\t<\/div>\n\t\t\t\t<\/div>\n\t\t<div class=\"elementor-element elementor-element-6e51c0b e-con-full e-flex e-con e-parent\" data-id=\"6e51c0b\" data-element_type=\"container\" data-e-type=\"container\">\n\t\t<div class=\"elementor-element elementor-element-20422f9 e-con-full e-flex e-con e-child\" data-id=\"20422f9\" data-element_type=\"container\" data-e-type=\"container\">\n\t\t\t\t<div class=\"elementor-element elementor-element-82522bb elementor-widget elementor-widget-google_maps\" data-id=\"82522bb\" data-element_type=\"widget\" data-e-type=\"widget\" data-widget_type=\"google_maps.default\">\n\t\t\t\t<div class=\"elementor-widget-container\">\n\t\t\t\t\t\t\t<div class=\"elementor-custom-embed\">\n\t\t\t<iframe loading=\"lazy\"\n\t\t\t\t\tsrc=\"https:\/\/maps.google.com\/maps?q=Izola%20Paradise&#038;t=m&#038;z=15&#038;output=embed&#038;iwloc=near\"\n\t\t\t\t\ttitle=\"Izola Paradise\"\n\t\t\t\t\taria-label=\"Izola Paradise\"\n\t\t\t><\/iframe>\n\t\t<\/div>\n\t\t\t\t\t\t<\/div>\n\t\t\t\t<\/div>\n\t\t\t\t<\/div>\n\t\t<div class=\"elementor-element elementor-element-68a5304 e-con-full e-flex e-con e-child\" data-id=\"68a5304\" data-element_type=\"container\" data-e-type=\"container\">\n\t\t\t\t<div class=\"elementor-element elementor-element-ac0ecf0 elementor-widget elementor-widget-heading\" data-id=\"ac0ecf0\" data-element_type=\"widget\" data-e-type=\"widget\" data-widget_type=\"heading.default\">\n\t\t\t\t<div class=\"elementor-widget-container\">\n\t\t\t\t\t<h2 class=\"elementor-heading-title elementor-size-default\">recenzje<\/h2>\t\t\t\t<\/div>\n\t\t\t\t<\/div>\n\t\t\t\t<div class=\"elementor-element elementor-element-f46ceb4 elementor-widget elementor-widget-html\" data-id=\"f46ceb4\" data-element_type=\"widget\" data-e-type=\"widget\" data-widget_type=\"html.default\">\n\t\t\t\t<div class=\"elementor-widget-container\">\n\t\t\t\t\t<!-- Elfsight All-in-One Reviews | Untitled All-in-One Reviews 2 -->\r\n<script src=\"https:\/\/elfsightcdn.com\/platform.js\" async=\"\"><\/script>\r\n<div class=\"elfsight-app-1d12d859-8841-4ea5-858f-5c22a7a5a08f\" data-elfsight-app-lazy=\"\"><\/div>\t\t\t\t<\/div>\n\t\t\t\t<\/div>\n\t\t\t\t<\/div>\n\t\t\t\t<\/div>\n\t\t\t\t<\/div>\n\t\t","protected":false},"excerpt":{"rendered":"<p>O hotelu Klasyczny przestronny czterogwiazdkowy hotel Izola Paradise po\u0142o\u017cony jest w spokojnej okolicy. Kilka minut spacerem od centrum najwi\u0119kszego bu\u0142garskiego kurortu nadmorskiego &#8211; S\u0142onecznego Brzegu. Hotel oferuje all inclusive i r\u00f3\u017cnorodne posi\u0142ki i napoje. Hotel Izola Paradise dysponuje 16. apartamentami z jedn\u0105 sypialni\u0105, 40. du\u017cymi pokojami i 180. dwuosobowymi pokojami standardowymi. Wszystkie pokoje s\u0105 przytulne [&hellip;]<\/p>\n","protected":false},"author":2,"featured_media":0,"parent":0,"menu_order":0,"comment_status":"closed","ping_status":"closed","template":"","meta":{"footnotes":""},"class_list":["post-2336","page","type-page","status-publish","hentry"],"_links":{"self":[{"href":"https:\/\/izolaparadise.com\/pl\/wp-json\/wp\/v2\/pages\/2336","targetHints":{"allow":["GET"]}}],"collection":[{"href":"https:\/\/izolaparadise.com\/pl\/wp-json\/wp\/v2\/pages"}],"about":[{"href":"https:\/\/izolaparadise.com\/pl\/wp-json\/wp\/v2\/types\/page"}],"author":[{"embeddable":true,"href":"https:\/\/izolaparadise.com\/pl\/wp-json\/wp\/v2\/users\/2"}],"replies":[{"embeddable":true,"href":"https:\/\/izolaparadise.com\/pl\/wp-json\/wp\/v2\/comments?post=2336"}],"version-history":[{"count":13,"href":"https:\/\/izolaparadise.com\/pl\/wp-json\/wp\/v2\/pages\/2336\/revisions"}],"predecessor-version":[{"id":2542,"href":"https:\/\/izolaparadise.com\/pl\/wp-json\/wp\/v2\/pages\/2336\/revisions\/2542"}],"wp:attachment":[{"href":"https:\/\/izolaparadise.com\/pl\/wp-json\/wp\/v2\/media?parent=2336"}],"curies":[{"name":"wp","href":"https:\/\/api.w.org\/{rel}","templated":true}]}}