{"id":2148,"date":"2026-01-21T13:56:06","date_gmt":"2026-01-21T11:56:06","guid":{"rendered":"https:\/\/izolaparadise.com\/politica-de-cookie-uri\/"},"modified":"2026-03-30T17:07:46","modified_gmt":"2026-03-30T14:07:46","slug":"cookie-policy","status":"publish","type":"page","link":"https:\/\/izolaparadise.com\/ro\/cookie-policy\/","title":{"rendered":"Politica de cookie-uri"},"content":{"rendered":"\t\t<div data-elementor-type=\"wp-page\" data-elementor-id=\"2148\" class=\"elementor elementor-2148 elementor-1941\" data-elementor-post-type=\"page\">\n\t\t\t\t<div class=\"elementor-element elementor-element-036cbc3 e-flex e-con-boxed e-con e-parent\" data-id=\"036cbc3\" data-element_type=\"container\" data-e-type=\"container\">\n\t\t\t\t\t<div class=\"e-con-inner\">\n\t\t\t\t<div class=\"elementor-element elementor-element-e1d7962 elementor-widget elementor-widget-heading\" data-id=\"e1d7962\" data-element_type=\"widget\" data-e-type=\"widget\" data-widget_type=\"heading.default\">\n\t\t\t\t<div class=\"elementor-widget-container\">\n\t\t\t\t\t<h2 class=\"elementor-heading-title elementor-size-default\">Politica de cookie-uri<\/h2>\t\t\t\t<\/div>\n\t\t\t\t<\/div>\n\t\t\t\t<div class=\"elementor-element elementor-element-82c2eac elementor-widget elementor-widget-heading\" data-id=\"82c2eac\" data-element_type=\"widget\" data-e-type=\"widget\" data-widget_type=\"heading.default\">\n\t\t\t\t<div class=\"elementor-widget-container\">\n\t\t\t\t\t<h2 class=\"elementor-heading-title elementor-size-default\">Utilizarea \u201ecookie-urilor\u201d<\/h2>\t\t\t\t<\/div>\n\t\t\t\t<\/div>\n\t\t\t\t<div class=\"elementor-element elementor-element-b498dba elementor-widget elementor-widget-text-editor\" data-id=\"b498dba\" data-element_type=\"widget\" data-e-type=\"widget\" data-widget_type=\"text-editor.default\">\n\t\t\t\t<div class=\"elementor-widget-container\">\n\t\t\t\t\t\t\t\t\t\u201eCookie-urile\u201d sunt fi\u0219iere text scurte sau pachete mici de informa\u0163ii, care sunt stocate prin browserul Internet pe dispozitivul dumneavoastr\u0103 final (computer, tablet, laptop sau telefon mobil), atunci c\u00e2nd vizita\u0163i diverse site-uri web \u0219i pagini pe Internet. Scopul principal al \u201ecookie-urilor\u201d este s\u0103 face utilizatorul recunoscibil atunci c\u00e2nd revine din nou pe site-ul web. Unele \u201ecookie-uri\u201d au o aplica\u0163ie mai specific\u0103, cum ar fi s\u0103 \u0163in\u0103 minte comportamentul utilizatorului pe site \u0219i s\u0103 faciliteze utilizatorul atunci c\u00e2nd utilizeaz\u0103 site-ul web. Pute\u0163i g\u0103si mai multe informa\u0163ii despre cum func\u0163ioneaz\u0103 \u201ecookie-urile\u201d pe Internet.<br>   \t\t\t\t\t\t\t\t<\/div>\n\t\t\t\t<\/div>\n\t\t\t\t<div class=\"elementor-element elementor-element-ef9e8db elementor-widget elementor-widget-heading\" data-id=\"ef9e8db\" data-element_type=\"widget\" data-e-type=\"widget\" data-widget_type=\"heading.default\">\n\t\t\t\t<div class=\"elementor-widget-container\">\n\t\t\t\t\t<h2 class=\"elementor-heading-title elementor-size-default\">Cum se utilizeaz\u0103 \u201ecookie-urile\u201d pe acest site-ul web?<\/h2>\t\t\t\t<\/div>\n\t\t\t\t<\/div>\n\t\t\t\t<div class=\"elementor-element elementor-element-4687f23 elementor-widget elementor-widget-text-editor\" data-id=\"4687f23\" data-element_type=\"widget\" data-e-type=\"widget\" data-widget_type=\"text-editor.default\">\n\t\t\t\t<div class=\"elementor-widget-container\">\n\t\t\t\t\t\t\t\t\tNoi utiliz\u0103m \u201ecookie-uri\u201d pe acest site web n-a scopuri principale de facilitare a utiliz\u0103rii site-ului, \u00eemb\u0103n\u0103\u0163i \u0219i stocarea de informa\u0163ii despre comportamentul utilizatorului. \u00cen acest proces, nu se stocheaz\u0103 date personale, adic\u0103 prin \u201ecookie-urile\u201d site-ului nu putem v\u0103 identifica ca persoan\u0103 fizic\u0103, prin urmare, \u00eencolo de colectarea acestor informa\u0163ii se aplic\u0103 Legea privind protec\u0163ia datelor cu caracter personal. Informa\u0163iile colectate din \u201ecookie-uri\u201d sunt de obicei utilizate \u00een form\u0103 agregate \u00een scopul analizei comportamentului utilizatorului pe site-ul web, ceea ce ne permite s\u0103 \u00eemb\u0103n\u0103\u0163i func\u0163ionalitatea site-ului, c\u0103ile utilizatorului \u0219i con\u0163inutul utilizat.<br>  \t\t\t\t\t\t\t\t<\/div>\n\t\t\t\t<\/div>\n\t\t\t\t<div class=\"elementor-element elementor-element-963ffe7 elementor-widget elementor-widget-heading\" data-id=\"963ffe7\" data-element_type=\"widget\" data-e-type=\"widget\" data-widget_type=\"heading.default\">\n\t\t\t\t<div class=\"elementor-widget-container\">\n\t\t\t\t\t<h2 class=\"elementor-heading-title elementor-size-default\">Ce \u201ecookie-uri\u201d se utilizeaz\u0103 pe acest site-ul web?<br><\/h2>\t\t\t\t<\/div>\n\t\t\t\t<\/div>\n\t\t\t\t<div class=\"elementor-element elementor-element-cd12483 elementor-widget elementor-widget-text-editor\" data-id=\"cd12483\" data-element_type=\"widget\" data-e-type=\"widget\" data-widget_type=\"text-editor.default\">\n\t\t\t\t<div class=\"elementor-widget-container\">\n\t\t\t\t\t\t\t\t\t<p>Cookie-uri de sesiune<\/p>\n<p>Acest tip de \u201ecookie-uri\u201d v\u0103 u\u0219ureaz\u0103 \u00een utilizarea site-ului, \u00een timp ce stocheaz\u0103 informa\u0163ii temporar, doar \u00een cadrul sesiunii browserului utilizat. De obicei, informa\u0163iile stocate prin intermediul lor sunt ce produse sau servicii a\u0163i ad\u0103ugat \u00een co\u0219ul de cump\u0103r\u0103turi, ce pagini ale site-ului a\u0163i vizitat \u0219i cum a\u0163i ajuns la informa\u0163ii date. Aceste \u201ecookie-uri\u201d nu colecteaz\u0103 informa\u0163ii de pe dispozitivul dumneavoastr\u0103 \u0219i sunt \u0219terse automat atunci c\u00e2nd p\u0103r\u0103siti site-ul web sau \u00eenchidempe sesiunea browserului dumneavoastr\u0103.<br>  <\/p>\n<p>Cookie-uri permanente<\/p>\n<p>Ne dau posibilitatea s\u0103 stochem informa\u0163ii specifice despre navigare, cum ar fi analiza vizitelor site-ului, cum a\u0163i ajuns pe site-ul web, ce pagini a\u0163i vizualizat, ce op\u0163iuni a\u0163i ales \u0219i \u00eencotro a\u0163i navigat pe acest site-ul web. Urm\u0103rirea acestor informa\u0163ii ne permite s\u0103 facem \u00eemb\u0103n\u0103t\u0103\u0163i pe site-ul web, inclusiv s\u0103 corect\u0103m erorile \u0219i s\u0103 extindem con\u0163inutul. Durata stoc\u0103rii acestui tip de \u201ecookie-uri\u201d varie\u0103z\u0103 \u00een func\u0163ie de scopul lor specific.<br>  <\/p>\n<p>\u201eCookie-uri\u201d de ter\u0163e p\u0103r\u0163i<\/p>\n<p>Site-ul nostru web con\u021bine linkuri c\u0103tre alte site-uri web sau con\u021binut \u00eencorporat de pe alte site-uri web, cum ar fi Facebook, YouTube, Twitter, Google+, LinkedIn \u0219i site-uri web partenere. C\u00e2nd vizita\u021bi aceste site-uri sau deschide\u021bi con\u021binut de pe acestea, cookie-urile de pe aceste site-uri web pot fi stocate pe dispozitivul dvs. Aceste cookie-uri sunt definite ca \u201ecookie-uri ter\u021b\u0103 parte\u201d \u0219i nu avem niciun control asupra gener\u0103rii \u0219i gestion\u0103rii acestora. Prin urmare, v\u0103 recomand\u0103m s\u0103 c\u0103uta\u021bi informa\u021bii despre acestea \u0219i despre modul \u00een care sunt gestionate pe site-urile web ale ter\u021bilor relevan\u021bi.<br>   <\/p>\t\t\t\t\t\t\t\t<\/div>\n\t\t\t\t<\/div>\n\t\t\t\t<div class=\"elementor-element elementor-element-8ce8d3a elementor-widget elementor-widget-heading\" data-id=\"8ce8d3a\" data-element_type=\"widget\" data-e-type=\"widget\" data-widget_type=\"heading.default\">\n\t\t\t\t<div class=\"elementor-widget-container\">\n\t\t\t\t\t<h2 class=\"elementor-heading-title elementor-size-default\">Cum pot administra utilizarea \u201ecookie-urilor\u201d de pe acest website?<\/h2>\t\t\t\t<\/div>\n\t\t\t\t<\/div>\n\t\t\t\t<div class=\"elementor-element elementor-element-ad2b17d elementor-widget elementor-widget-text-editor\" data-id=\"ad2b17d\" data-element_type=\"widget\" data-e-type=\"widget\" data-widget_type=\"text-editor.default\">\n\t\t\t\t<div class=\"elementor-widget-container\">\n\t\t\t\t\t\t\t\t\tTo\u0163i browserele permit gestionarea \u201ecookie-urilor\u201d printr-o configura\u0163ie creat\u0103 special pentru aceast\u0103 scop \u00een panoul browser-ului Vostru. Puteti bloca primirea \u201ecookie-urilor\u201d, s\u0103 \u0219terge\u021bi toate sau parte din ele sau s\u0103 seta\u021bi preferin\u0163ele Dumneavoastr\u0103 pentru utilizarea \u201ecookie-urilor\u201d \u00eenainte s\u0103 inicia\u021bi o vizit\u0103 la site-ul nostru. \u021einu\u021bi minte c\u0103, dac\u0103 \u0219terge\u021bi sau bloca\u021bi \u201ecookie-urile\u201d s-ar putea afecta negativ func\u021bionalit\u0103\u021bile site-ului nostru \u0219i, pe de alt\u0103 parte, pe experien\u021ba utilizatorului pe acesta.<br>  \t\t\t\t\t\t\t\t<\/div>\n\t\t\t\t<\/div>\n\t\t\t\t<div class=\"elementor-element elementor-element-fd373db elementor-widget elementor-widget-heading\" data-id=\"fd373db\" data-element_type=\"widget\" data-e-type=\"widget\" data-widget_type=\"heading.default\">\n\t\t\t\t<div class=\"elementor-widget-container\">\n\t\t\t\t\t<h2 class=\"elementor-heading-title elementor-size-default\">Dezactivare sau blocarea \u201ecookie-urilor\u201d<\/h2>\t\t\t\t<\/div>\n\t\t\t\t<\/div>\n\t\t\t\t<div class=\"elementor-element elementor-element-8a55151 elementor-widget elementor-widget-heading\" data-id=\"8a55151\" data-element_type=\"widget\" data-e-type=\"widget\" data-widget_type=\"heading.default\">\n\t\t\t\t<div class=\"elementor-widget-container\">\n\t\t\t\t\t<h2 class=\"elementor-heading-title elementor-size-default\">Utilizarea \u201ecookie-urilor\u201d<\/h2>\t\t\t\t<\/div>\n\t\t\t\t<\/div>\n\t\t\t\t<div class=\"elementor-element elementor-element-48f1743 elementor-widget elementor-widget-text-editor\" data-id=\"48f1743\" data-element_type=\"widget\" data-e-type=\"widget\" data-widget_type=\"text-editor.default\">\n\t\t\t\t<div class=\"elementor-widget-container\">\n\t\t\t\t\t\t\t\t\tControlarea, dezactivarea sau blocarea \u201ecookie-urilor\u201d se gestioneaz\u0103 din set\u0103rile browser-ului dumneavoastr\u0103. Tineti seama c\u0103, o interzicere complet\u0103 a utiliz\u0103rii tuturor \u201ecookie-urilor\u201d s-ar putea reflecta negativ asupra performan\u021belor func\u021bionale ale site-ului, eficien\u021bei sale \u0219i accesului la anumite informa\u021bii.<br> \t\t\t\t\t\t\t\t<\/div>\n\t\t\t\t<\/div>\n\t\t\t\t\t<\/div>\n\t\t\t\t<\/div>\n\t\t\t\t<\/div>\n\t\t","protected":false},"excerpt":{"rendered":"<p>Utilizarea \u201ecookie-urilor\u201d \u201eCookie-urile\u201d sunt fi\u0219iere text scurte sau pachete mici de informa\u0163ii, care sunt stocate prin browserul Internet pe dispozitivul dumneavoastr\u0103 final (computer, tablet, laptop sau telefon mobil), atunci c\u00e2nd vizita\u0163i diverse site-uri web \u0219i pagini pe Internet. Scopul principal al \u201ecookie-urilor\u201d este s\u0103 face utilizatorul recunoscibil atunci c\u00e2nd revine din nou pe site-ul web. [&hellip;]<\/p>\n","protected":false},"author":2,"featured_media":0,"parent":0,"menu_order":0,"comment_status":"closed","ping_status":"closed","template":"","meta":{"footnotes":""},"class_list":["post-2148","page","type-page","status-publish","hentry"],"_links":{"self":[{"href":"https:\/\/izolaparadise.com\/ro\/wp-json\/wp\/v2\/pages\/2148","targetHints":{"allow":["GET"]}}],"collection":[{"href":"https:\/\/izolaparadise.com\/ro\/wp-json\/wp\/v2\/pages"}],"about":[{"href":"https:\/\/izolaparadise.com\/ro\/wp-json\/wp\/v2\/types\/page"}],"author":[{"embeddable":true,"href":"https:\/\/izolaparadise.com\/ro\/wp-json\/wp\/v2\/users\/2"}],"replies":[{"embeddable":true,"href":"https:\/\/izolaparadise.com\/ro\/wp-json\/wp\/v2\/comments?post=2148"}],"version-history":[{"count":4,"href":"https:\/\/izolaparadise.com\/ro\/wp-json\/wp\/v2\/pages\/2148\/revisions"}],"predecessor-version":[{"id":2152,"href":"https:\/\/izolaparadise.com\/ro\/wp-json\/wp\/v2\/pages\/2148\/revisions\/2152"}],"wp:attachment":[{"href":"https:\/\/izolaparadise.com\/ro\/wp-json\/wp\/v2\/media?parent=2148"}],"curies":[{"name":"wp","href":"https:\/\/api.w.org\/{rel}","templated":true}]}}