{"id":2155,"date":"2025-04-01T15:33:11","date_gmt":"2025-04-01T12:33:11","guid":{"rendered":"https:\/\/izolaparadise.com\/acasa\/"},"modified":"2026-03-30T17:44:05","modified_gmt":"2026-03-30T14:44:05","slug":"acasa","status":"publish","type":"page","link":"https:\/\/izolaparadise.com\/ro\/","title":{"rendered":"Acas\u0103"},"content":{"rendered":"\t\t<div data-elementor-type=\"wp-page\" data-elementor-id=\"2155\" class=\"elementor elementor-2155 elementor-37\" data-elementor-post-type=\"page\">\n\t\t\t\t<div class=\"elementor-element elementor-element-8b48368 e-con-full e-flex e-con e-parent\" data-id=\"8b48368\" data-element_type=\"container\" data-e-type=\"container\" data-settings=\"{&quot;background_background&quot;:&quot;slideshow&quot;,&quot;background_slideshow_gallery&quot;:[{&quot;id&quot;:2027,&quot;url&quot;:&quot;http:\\\/\\\/izolaparadise.com\\\/wp-content\\\/uploads\\\/2026\\\/01\\\/hero2.jpg&quot;},{&quot;id&quot;:2153,&quot;url&quot;:&quot;http:\\\/\\\/izolaparadise.com\\\/wp-content\\\/uploads\\\/2026\\\/01\\\/hero.jpg&quot;},{&quot;id&quot;:2154,&quot;url&quot;:&quot;http:\\\/\\\/izolaparadise.com\\\/wp-content\\\/uploads\\\/2026\\\/01\\\/hero3.jpg&quot;}],&quot;background_slideshow_transition_duration&quot;:1000,&quot;background_slideshow_ken_burns&quot;:&quot;yes&quot;,&quot;background_slideshow_loop&quot;:&quot;yes&quot;,&quot;background_slideshow_slide_duration&quot;:5000,&quot;background_slideshow_slide_transition&quot;:&quot;fade&quot;,&quot;background_slideshow_ken_burns_zoom_direction&quot;:&quot;in&quot;}\">\n\t\t\t\t<\/div>\n\t\t<div class=\"elementor-element elementor-element-0bed127 e-con-full e-flex e-con e-parent\" data-id=\"0bed127\" data-element_type=\"container\" data-e-type=\"container\" data-settings=\"{&quot;background_background&quot;:&quot;classic&quot;}\">\n\t\t\t\t<div class=\"elementor-element elementor-element-221a46f elementor-widget elementor-widget-html\" data-id=\"221a46f\" data-element_type=\"widget\" data-e-type=\"widget\" data-widget_type=\"html.default\">\n\t\t\t\t<div class=\"elementor-widget-container\">\n\t\t\t\t\t<div id=\"quendoo-bcw\"><\/div>\r\n<script>\r\n\t(function(w,e){\r\n\t\tlet key = 'Sf9DsVJhwa'; \r\n\t\tlet locale = 'en-GB';\r\n\t\tlet currency = 'EUR';\r\n\t\tlet uiSettings = {buttonText:'Rezerv\u0103', colorTheme:'null'};\r\n\t\tif(!w.isLoadedQuendooBCW){\r\n\t\t\tw.isLoadedQuendooBCW = true;\r\n\t\t\tlet s=w.document.createElement('script');s.type='text\/javascript';s.async=!0;\r\n\t\t\ts.src='http'+(w.location.protocol=='http:'?'':'s')+':\/\/booking.quendoo.com\/fe-widgets\/booking-calendar\/widget.js?v=1&t='+Date.now();\r\n\t\t\ts.onload = function(){\r\n\t\t\tinitQuendooBookingCalendarWidget(w,e,key,locale,currency,uiSettings);\r\n\t\t\t};\r\n\t\t\t(w.document.getElementsByTagName('head')[0]||w.document.getElementsByTagName('body')[0]).appendChild(s);\r\n\t\t} else {\r\n\t\t\tinitQuendooBookingCalendarWidget(w,e,key,locale,currency,uiSettings);\r\n\t\t}\r\n\t})(window,document.getElementById('quendoo-bcw'));\r\n<\/script>\r\n\t\t\t\t<\/div>\n\t\t\t\t<\/div>\n\t\t\t\t<\/div>\n\t\t<div class=\"elementor-element elementor-element-8cf12da e-flex e-con-boxed e-con e-parent\" data-id=\"8cf12da\" data-element_type=\"container\" data-e-type=\"container\">\n\t\t\t\t\t<div class=\"e-con-inner\">\n\t\t<div class=\"elementor-element elementor-element-826f702 e-con-full e-flex elementor-invisible e-con e-child\" data-id=\"826f702\" data-element_type=\"container\" data-e-type=\"container\" data-settings=\"{&quot;background_background&quot;:&quot;classic&quot;,&quot;animation&quot;:&quot;fadeInLeft&quot;}\">\n\t\t\t\t<div class=\"elementor-element elementor-element-2a58e7a elementor-widget elementor-widget-heading\" data-id=\"2a58e7a\" data-element_type=\"widget\" data-e-type=\"widget\" data-widget_type=\"heading.default\">\n\t\t\t\t<div class=\"elementor-widget-container\">\n\t\t\t\t\t<h2 class=\"elementor-heading-title elementor-size-default\">Despre hotel<\/h2>\t\t\t\t<\/div>\n\t\t\t\t<\/div>\n\t\t\t\t<div class=\"elementor-element elementor-element-81e2c79 elementor-widget elementor-widget-text-editor\" data-id=\"81e2c79\" data-element_type=\"widget\" data-e-type=\"widget\" data-widget_type=\"text-editor.default\">\n\t\t\t\t<div class=\"elementor-widget-container\">\n\t\t\t\t\t\t\t\t\t<p>Clasic \u0219i spa\u021bios, hotelul \u201eIzola Paradise\u201c de 4 stele este situat se afl\u0103 \u00eentr-o zon\u0103 lini\u0219tit\u0103, la doar c\u00e2teva minute de mers pe jos de centrul celei mai mari sta\u021biuni de pe litoralul bulgar \u2013 Sunny Beach. Hotelul func\u021bioneaz\u0103 integral pe baza sistemului \u201eall inclusive\u201d \u0219i ofer\u0103 o varietate de m\u00e2nc\u0103ruri \u0219i b\u0103uturi. Izola Paradise dispune de 16 apartamente cu un dormitor, 40 de camere mari \u0219i 180 de camere duble standard. Toate camerele sunt confortabile \u0219i bine mobilate, au terase \u0219i sunt echipate cu televizor cu ecran plat, telefon, minibar \u0219i sistem central de climatizare.    <\/p>\t\t\t\t\t\t\t\t<\/div>\n\t\t\t\t<\/div>\n\t\t\t\t<\/div>\n\t\t\t\t<div class=\"elementor-element elementor-element-7bc91fe elementor-widget__width-initial elementor-invisible elementor-widget elementor-widget-image\" data-id=\"7bc91fe\" data-element_type=\"widget\" data-e-type=\"widget\" data-settings=\"{&quot;_animation&quot;:&quot;fadeInRight&quot;}\" data-widget_type=\"image.default\">\n\t\t\t\t<div class=\"elementor-widget-container\">\n\t\t\t\t\t\t\t\t\t\t\t\t\t\t\t<img fetchpriority=\"high\" decoding=\"async\" width=\"800\" height=\"534\" src=\"https:\/\/izolaparadise.com\/wp-content\/uploads\/2026\/01\/lobby-1024x684.jpg\" class=\"attachment-large size-large wp-image-2087\" alt=\"\" srcset=\"https:\/\/izolaparadise.com\/wp-content\/uploads\/2026\/01\/lobby-1024x684.jpg 1024w, https:\/\/izolaparadise.com\/wp-content\/uploads\/2026\/01\/lobby-300x200.jpg 300w, https:\/\/izolaparadise.com\/wp-content\/uploads\/2026\/01\/lobby-768x513.jpg 768w, https:\/\/izolaparadise.com\/wp-content\/uploads\/2026\/01\/lobby-1536x1026.jpg 1536w, https:\/\/izolaparadise.com\/wp-content\/uploads\/2026\/01\/lobby.jpg 1920w\" sizes=\"(max-width: 800px) 100vw, 800px\" \/>\t\t\t\t\t\t\t\t\t\t\t\t\t\t\t<\/div>\n\t\t\t\t<\/div>\n\t\t\t\t<div class=\"elementor-element elementor-element-777e865 elementor-widget__width-initial elementor-invisible elementor-widget elementor-widget-image\" data-id=\"777e865\" data-element_type=\"widget\" data-e-type=\"widget\" data-settings=\"{&quot;_animation&quot;:&quot;fadeInLeft&quot;}\" data-widget_type=\"image.default\">\n\t\t\t\t<div class=\"elementor-widget-container\">\n\t\t\t\t\t\t\t\t\t\t\t\t\t\t\t<img decoding=\"async\" width=\"1920\" height=\"1282\" src=\"https:\/\/izolaparadise.com\/wp-content\/uploads\/2026\/01\/double-room-1.jpg\" class=\"attachment-full size-full wp-image-2038\" alt=\"\" srcset=\"https:\/\/izolaparadise.com\/wp-content\/uploads\/2026\/01\/double-room-1.jpg 1920w, https:\/\/izolaparadise.com\/wp-content\/uploads\/2026\/01\/double-room-1-300x200.jpg 300w, https:\/\/izolaparadise.com\/wp-content\/uploads\/2026\/01\/double-room-1-1024x684.jpg 1024w, https:\/\/izolaparadise.com\/wp-content\/uploads\/2026\/01\/double-room-1-768x513.jpg 768w, https:\/\/izolaparadise.com\/wp-content\/uploads\/2026\/01\/double-room-1-1536x1026.jpg 1536w\" sizes=\"(max-width: 1920px) 100vw, 1920px\" \/>\t\t\t\t\t\t\t\t\t\t\t\t\t\t\t<\/div>\n\t\t\t\t<\/div>\n\t\t<div class=\"elementor-element elementor-element-c7c5207 e-con-full e-flex elementor-invisible e-con e-child\" data-id=\"c7c5207\" data-element_type=\"container\" data-e-type=\"container\" data-settings=\"{&quot;background_background&quot;:&quot;classic&quot;,&quot;animation&quot;:&quot;fadeInRight&quot;}\">\n\t\t\t\t<div class=\"elementor-element elementor-element-73903da elementor-widget elementor-widget-heading\" data-id=\"73903da\" data-element_type=\"widget\" data-e-type=\"widget\" data-widget_type=\"heading.default\">\n\t\t\t\t<div class=\"elementor-widget-container\">\n\t\t\t\t\t<h2 class=\"elementor-heading-title elementor-size-default\">Cazare<\/h2>\t\t\t\t<\/div>\n\t\t\t\t<\/div>\n\t\t\t\t<div class=\"elementor-element elementor-element-286de41 elementor-widget elementor-widget-text-editor\" data-id=\"286de41\" data-element_type=\"widget\" data-e-type=\"widget\" data-widget_type=\"text-editor.default\">\n\t\t\t\t<div class=\"elementor-widget-container\">\n\t\t\t\t\t\t\t\t\t<p>Hotelul \u201eIzola Paradise\u201c ofer\u0103 cazare \u00een apartamente, camere mari \u0219i camere duble standard. Camerele sunt spa\u021bioase, confortabile, complet echipate \u0219i mobilate \u00eentr-un stil primitor. Fiecare camer\u0103 dispune de sistem central de climatizare cu control individual, televizor LCD cu programe prin cablu, telefon \u0219i mini-frigider. B\u0103ile sunt dotate cu du\u0219, telefon pentru situa\u021bii de urgen\u021b\u0103, usc\u0103tor de p\u0103r, articole de toalet\u0103 \u0219i set de prosoape pentru fiecare oaspete. Toate camerele au balcon, echipat cu dou\u0103 scaune \u0219i o mas\u0103.<br>    <\/p>\t\t\t\t\t\t\t\t<\/div>\n\t\t\t\t<\/div>\n\t\t\t\t<div class=\"elementor-element elementor-element-e1e14c2 elementor-align-center elementor-widget elementor-widget-button\" data-id=\"e1e14c2\" data-element_type=\"widget\" data-e-type=\"widget\" data-widget_type=\"button.default\">\n\t\t\t\t<div class=\"elementor-widget-container\">\n\t\t\t\t\t\t\t\t\t<div class=\"elementor-button-wrapper\">\n\t\t\t\t\t<a class=\"elementor-button elementor-button-link elementor-size-sm\" href=\"https:\/\/izolaparadise.com\/ro\/room\/\">\n\t\t\t\t\t\t<span class=\"elementor-button-content-wrapper\">\n\t\t\t\t\t\t\t\t\t<span class=\"elementor-button-text\">Vezi mai mult<\/span>\n\t\t\t\t\t<\/span>\n\t\t\t\t\t<\/a>\n\t\t\t\t<\/div>\n\t\t\t\t\t\t\t\t<\/div>\n\t\t\t\t<\/div>\n\t\t\t\t<\/div>\n\t\t<div class=\"elementor-element elementor-element-711a26f e-con-full e-flex elementor-invisible e-con e-child\" data-id=\"711a26f\" data-element_type=\"container\" data-e-type=\"container\" data-settings=\"{&quot;background_background&quot;:&quot;classic&quot;,&quot;animation&quot;:&quot;fadeInLeft&quot;}\">\n\t\t\t\t<div class=\"elementor-element elementor-element-baaa170 elementor-widget elementor-widget-heading\" data-id=\"baaa170\" data-element_type=\"widget\" data-e-type=\"widget\" data-widget_type=\"heading.default\">\n\t\t\t\t<div class=\"elementor-widget-container\">\n\t\t\t\t\t<h2 class=\"elementor-heading-title elementor-size-default\">RESTAURANTE \u0218I BARURI<\/h2>\t\t\t\t<\/div>\n\t\t\t\t<\/div>\n\t\t\t\t<div class=\"elementor-element elementor-element-d1bd643 elementor-widget elementor-widget-text-editor\" data-id=\"d1bd643\" data-element_type=\"widget\" data-e-type=\"widget\" data-widget_type=\"text-editor.default\">\n\t\t\t\t<div class=\"elementor-widget-container\">\n\t\t\t\t\t\t\t\t\t<p>Restaurantul hotelului are o capacitate de 370 de locuri \u00een interior \u0219i 150 de locuri pe o teras\u0103 umbrit\u0103, perfect\u0103 pentru serile calde de var\u0103, oferind o priveli\u0219te pl\u0103cut\u0103 spre piscina exterioar\u0103 iluminat\u0103.<\/p><p>Cafeneaua-bar, care dispune de o teras\u0103 l\u00e2ng\u0103 piscin\u0103 (capacitate: 30 de locuri), fiind locul ideal pentru o b\u0103utur\u0103 r\u0103coritoare.<\/p>\t\t\t\t\t\t\t\t<\/div>\n\t\t\t\t<\/div>\n\t\t\t\t<div class=\"elementor-element elementor-element-3d6e317 elementor-align-center elementor-widget elementor-widget-button\" data-id=\"3d6e317\" data-element_type=\"widget\" data-e-type=\"widget\" data-widget_type=\"button.default\">\n\t\t\t\t<div class=\"elementor-widget-container\">\n\t\t\t\t\t\t\t\t\t<div class=\"elementor-button-wrapper\">\n\t\t\t\t\t<a class=\"elementor-button elementor-button-link elementor-size-sm\" href=\"https:\/\/izolaparadise.com\/ro\/about-hotel\/#rest\">\n\t\t\t\t\t\t<span class=\"elementor-button-content-wrapper\">\n\t\t\t\t\t\t\t\t\t<span class=\"elementor-button-text\">Vezi mai mult<\/span>\n\t\t\t\t\t<\/span>\n\t\t\t\t\t<\/a>\n\t\t\t\t<\/div>\n\t\t\t\t\t\t\t\t<\/div>\n\t\t\t\t<\/div>\n\t\t\t\t<\/div>\n\t\t\t\t<div class=\"elementor-element elementor-element-8d92eda elementor-widget__width-initial elementor-invisible elementor-widget elementor-widget-image\" data-id=\"8d92eda\" data-element_type=\"widget\" data-e-type=\"widget\" data-settings=\"{&quot;_animation&quot;:&quot;fadeInRight&quot;}\" data-widget_type=\"image.default\">\n\t\t\t\t<div class=\"elementor-widget-container\">\n\t\t\t\t\t\t\t\t\t\t\t\t\t\t\t<img decoding=\"async\" width=\"800\" height=\"534\" src=\"https:\/\/izolaparadise.com\/wp-content\/uploads\/2026\/01\/\u0420\u0435\u0441\u0442\u043e\u0440\u0430\u043d\u0442-1-1024x684.jpg\" class=\"attachment-large size-large wp-image-2058\" alt=\"\" srcset=\"https:\/\/izolaparadise.com\/wp-content\/uploads\/2026\/01\/\u0420\u0435\u0441\u0442\u043e\u0440\u0430\u043d\u0442-1-1024x684.jpg 1024w, https:\/\/izolaparadise.com\/wp-content\/uploads\/2026\/01\/\u0420\u0435\u0441\u0442\u043e\u0440\u0430\u043d\u0442-1-300x200.jpg 300w, https:\/\/izolaparadise.com\/wp-content\/uploads\/2026\/01\/\u0420\u0435\u0441\u0442\u043e\u0440\u0430\u043d\u0442-1-768x513.jpg 768w, https:\/\/izolaparadise.com\/wp-content\/uploads\/2026\/01\/\u0420\u0435\u0441\u0442\u043e\u0440\u0430\u043d\u0442-1-1536x1026.jpg 1536w, https:\/\/izolaparadise.com\/wp-content\/uploads\/2026\/01\/\u0420\u0435\u0441\u0442\u043e\u0440\u0430\u043d\u0442-1.jpg 1920w\" sizes=\"(max-width: 800px) 100vw, 800px\" \/>\t\t\t\t\t\t\t\t\t\t\t\t\t\t\t<\/div>\n\t\t\t\t<\/div>\n\t\t\t\t<div class=\"elementor-element elementor-element-963cdcf elementor-widget__width-initial elementor-invisible elementor-widget elementor-widget-image\" data-id=\"963cdcf\" data-element_type=\"widget\" data-e-type=\"widget\" data-settings=\"{&quot;_animation&quot;:&quot;fadeInRight&quot;}\" data-widget_type=\"image.default\">\n\t\t\t\t<div class=\"elementor-widget-container\">\n\t\t\t\t\t\t\t\t\t\t\t\t\t\t\t<img loading=\"lazy\" decoding=\"async\" width=\"800\" height=\"534\" src=\"https:\/\/izolaparadise.com\/wp-content\/uploads\/2026\/01\/hero-1024x684.jpg\" class=\"attachment-large size-large wp-image-2153\" alt=\"\" srcset=\"https:\/\/izolaparadise.com\/wp-content\/uploads\/2026\/01\/hero-1024x684.jpg 1024w, https:\/\/izolaparadise.com\/wp-content\/uploads\/2026\/01\/hero-300x200.jpg 300w, https:\/\/izolaparadise.com\/wp-content\/uploads\/2026\/01\/hero-768x513.jpg 768w, https:\/\/izolaparadise.com\/wp-content\/uploads\/2026\/01\/hero-1536x1026.jpg 1536w, https:\/\/izolaparadise.com\/wp-content\/uploads\/2026\/01\/hero.jpg 1920w\" sizes=\"(max-width: 800px) 100vw, 800px\" \/>\t\t\t\t\t\t\t\t\t\t\t\t\t\t\t<\/div>\n\t\t\t\t<\/div>\n\t\t<div class=\"elementor-element elementor-element-c78f699 e-con-full e-flex elementor-invisible e-con e-child\" data-id=\"c78f699\" data-element_type=\"container\" data-e-type=\"container\" data-settings=\"{&quot;background_background&quot;:&quot;classic&quot;,&quot;animation&quot;:&quot;fadeInLeft&quot;}\">\n\t\t\t\t<div class=\"elementor-element elementor-element-5d59f40 elementor-widget elementor-widget-heading\" data-id=\"5d59f40\" data-element_type=\"widget\" data-e-type=\"widget\" data-widget_type=\"heading.default\">\n\t\t\t\t<div class=\"elementor-widget-container\">\n\t\t\t\t\t<h2 class=\"elementor-heading-title elementor-size-default\">Piscine \u0219i zon\u0103 de relaxare\n<\/h2>\t\t\t\t<\/div>\n\t\t\t\t<\/div>\n\t\t\t\t<div class=\"elementor-element elementor-element-ec4094e elementor-widget elementor-widget-text-editor\" data-id=\"ec4094e\" data-element_type=\"widget\" data-e-type=\"widget\" data-widget_type=\"text-editor.default\">\n\t\t\t\t<div class=\"elementor-widget-container\">\n\t\t\t\t\t\t\t\t\t<p>Hotelul dispune de 3 piscine exterioare, dintre care una este pentru copii. Piscina pentru copii este securizat\u0103 cu gard de protec\u021bie \u0219i are un mini tobogan. <\/p><p>Zona de relaxare \u2013 locul ideal care ofer\u0103 confort deplin.<\/p>\t\t\t\t\t\t\t\t<\/div>\n\t\t\t\t<\/div>\n\t\t\t\t<div class=\"elementor-element elementor-element-13d69b4 elementor-align-center elementor-widget elementor-widget-button\" data-id=\"13d69b4\" data-element_type=\"widget\" data-e-type=\"widget\" data-widget_type=\"button.default\">\n\t\t\t\t<div class=\"elementor-widget-container\">\n\t\t\t\t\t\t\t\t\t<div class=\"elementor-button-wrapper\">\n\t\t\t\t\t<a class=\"elementor-button elementor-button-link elementor-size-sm\" href=\"https:\/\/izolaparadise.com\/ro\/about-hotel\/#pool\">\n\t\t\t\t\t\t<span class=\"elementor-button-content-wrapper\">\n\t\t\t\t\t\t\t\t\t<span class=\"elementor-button-text\">Vezi mai mult<\/span>\n\t\t\t\t\t<\/span>\n\t\t\t\t\t<\/a>\n\t\t\t\t<\/div>\n\t\t\t\t\t\t\t\t<\/div>\n\t\t\t\t<\/div>\n\t\t\t\t<\/div>\n\t\t<div class=\"elementor-element elementor-element-33d1c5f e-con-full e-flex elementor-invisible e-con e-child\" data-id=\"33d1c5f\" data-element_type=\"container\" data-e-type=\"container\" data-settings=\"{&quot;background_background&quot;:&quot;classic&quot;,&quot;animation&quot;:&quot;fadeInLeft&quot;}\">\n\t\t\t\t<div class=\"elementor-element elementor-element-27999a9 elementor-widget elementor-widget-heading\" data-id=\"27999a9\" data-element_type=\"widget\" data-e-type=\"widget\" data-widget_type=\"heading.default\">\n\t\t\t\t<div class=\"elementor-widget-container\">\n\t\t\t\t\t<h2 class=\"elementor-heading-title elementor-size-default\">Divertisment\n<\/h2>\t\t\t\t<\/div>\n\t\t\t\t<\/div>\n\t\t\t\t<div class=\"elementor-element elementor-element-6f88b6f elementor-widget elementor-widget-text-editor\" data-id=\"6f88b6f\" data-element_type=\"widget\" data-e-type=\"widget\" data-widget_type=\"text-editor.default\">\n\t\t\t\t<div class=\"elementor-widget-container\">\n\t\t\t\t\t\t\t\t\t<p>Izola Paradise ofer\u0103 o varietate de activit\u0103\u021bi sportive \u0219i de divertisment \u2013 biliard, tenis de mas\u0103 \u0219i darts. Iar pentru cei mai importan\u021bi oaspe\u021bi ai no\u0219tri \u2013 copiii \u2013 oferim, cu mult\u0103 grij\u0103 \u0219i aten\u021bie, un program educativ \u0219i distractiv. <\/p>\t\t\t\t\t\t\t\t<\/div>\n\t\t\t\t<\/div>\n\t\t\t\t<div class=\"elementor-element elementor-element-ddd5112 elementor-align-center elementor-widget elementor-widget-button\" data-id=\"ddd5112\" data-element_type=\"widget\" data-e-type=\"widget\" data-widget_type=\"button.default\">\n\t\t\t\t<div class=\"elementor-widget-container\">\n\t\t\t\t\t\t\t\t\t<div class=\"elementor-button-wrapper\">\n\t\t\t\t\t<a class=\"elementor-button elementor-button-link elementor-size-sm\" href=\"https:\/\/izolaparadise.com\/ro\/about-hotel\/#fitness\">\n\t\t\t\t\t\t<span class=\"elementor-button-content-wrapper\">\n\t\t\t\t\t\t\t\t\t<span class=\"elementor-button-text\">Vezi mai mult<\/span>\n\t\t\t\t\t<\/span>\n\t\t\t\t\t<\/a>\n\t\t\t\t<\/div>\n\t\t\t\t\t\t\t\t<\/div>\n\t\t\t\t<\/div>\n\t\t\t\t<\/div>\n\t\t\t\t<div class=\"elementor-element elementor-element-5237f31 elementor-widget__width-initial elementor-invisible elementor-widget elementor-widget-image\" data-id=\"5237f31\" data-element_type=\"widget\" data-e-type=\"widget\" data-settings=\"{&quot;_animation&quot;:&quot;fadeInRight&quot;}\" data-widget_type=\"image.default\">\n\t\t\t\t<div class=\"elementor-widget-container\">\n\t\t\t\t\t\t\t\t\t\t\t\t\t\t\t<img loading=\"lazy\" decoding=\"async\" width=\"800\" height=\"534\" src=\"https:\/\/izolaparadise.com\/wp-content\/uploads\/2026\/01\/zabavleniya-1024x684.jpg\" class=\"attachment-large size-large wp-image-2067\" alt=\"\" srcset=\"https:\/\/izolaparadise.com\/wp-content\/uploads\/2026\/01\/zabavleniya-1024x684.jpg 1024w, https:\/\/izolaparadise.com\/wp-content\/uploads\/2026\/01\/zabavleniya-300x200.jpg 300w, https:\/\/izolaparadise.com\/wp-content\/uploads\/2026\/01\/zabavleniya-768x513.jpg 768w, https:\/\/izolaparadise.com\/wp-content\/uploads\/2026\/01\/zabavleniya-1536x1026.jpg 1536w, https:\/\/izolaparadise.com\/wp-content\/uploads\/2026\/01\/zabavleniya.jpg 1920w\" sizes=\"(max-width: 800px) 100vw, 800px\" \/>\t\t\t\t\t\t\t\t\t\t\t\t\t\t\t<\/div>\n\t\t\t\t<\/div>\n\t\t\t\t\t<\/div>\n\t\t\t\t<\/div>\n\t\t<div class=\"elementor-element elementor-element-9a5be71 e-con-full e-flex elementor-invisible e-con e-parent\" data-id=\"9a5be71\" data-element_type=\"container\" data-e-type=\"container\" data-settings=\"{&quot;background_background&quot;:&quot;classic&quot;,&quot;animation&quot;:&quot;fadeInRight&quot;}\">\n\t\t\t\t<div class=\"elementor-element elementor-element-9d91b11 elementor-widget elementor-widget-heading\" data-id=\"9d91b11\" data-element_type=\"widget\" data-e-type=\"widget\" data-widget_type=\"heading.default\">\n\t\t\t\t<div class=\"elementor-widget-container\">\n\t\t\t\t\t<h2 class=\"elementor-heading-title elementor-size-default\">All inclusive<\/h2>\t\t\t\t<\/div>\n\t\t\t\t<\/div>\n\t\t\t\t<div class=\"elementor-element elementor-element-2772fad elementor-widget__width-initial elementor-widget elementor-widget-text-editor\" data-id=\"2772fad\" data-element_type=\"widget\" data-e-type=\"widget\" data-widget_type=\"text-editor.default\">\n\t\t\t\t<div class=\"elementor-widget-container\">\n\t\t\t\t\t\t\t\t\t<p>Micul dejun, pr\u00e2nzul \u0219i cina sunt servite \u00een regim bufet, iar oaspe\u021bii no\u0219tri pot alege dintre preparatele delicioase ale buc\u0103t\u0103riei bulg\u0103re\u0219ti \u0219i interna\u021bionale.<\/p>\t\t\t\t\t\t\t\t<\/div>\n\t\t\t\t<\/div>\n\t\t\t\t<\/div>\n\t\t<div class=\"elementor-element elementor-element-6e51c0b e-con-full e-flex e-con e-parent\" data-id=\"6e51c0b\" data-element_type=\"container\" data-e-type=\"container\">\n\t\t<div class=\"elementor-element elementor-element-20422f9 e-con-full e-flex e-con e-child\" data-id=\"20422f9\" data-element_type=\"container\" data-e-type=\"container\">\n\t\t\t\t<div class=\"elementor-element elementor-element-82522bb elementor-widget elementor-widget-google_maps\" data-id=\"82522bb\" data-element_type=\"widget\" data-e-type=\"widget\" data-widget_type=\"google_maps.default\">\n\t\t\t\t<div class=\"elementor-widget-container\">\n\t\t\t\t\t\t\t<div class=\"elementor-custom-embed\">\n\t\t\t<iframe loading=\"lazy\"\n\t\t\t\t\tsrc=\"https:\/\/maps.google.com\/maps?q=Izola%20Paradise&#038;t=m&#038;z=15&#038;output=embed&#038;iwloc=near\"\n\t\t\t\t\ttitle=\"Izola Paradise\"\n\t\t\t\t\taria-label=\"Izola Paradise\"\n\t\t\t><\/iframe>\n\t\t<\/div>\n\t\t\t\t\t\t<\/div>\n\t\t\t\t<\/div>\n\t\t\t\t<\/div>\n\t\t<div class=\"elementor-element elementor-element-68a5304 e-con-full e-flex e-con e-child\" data-id=\"68a5304\" data-element_type=\"container\" data-e-type=\"container\">\n\t\t\t\t<div class=\"elementor-element elementor-element-ac0ecf0 elementor-widget elementor-widget-heading\" data-id=\"ac0ecf0\" data-element_type=\"widget\" data-e-type=\"widget\" data-widget_type=\"heading.default\">\n\t\t\t\t<div class=\"elementor-widget-container\">\n\t\t\t\t\t<h2 class=\"elementor-heading-title elementor-size-default\">recenzii<\/h2>\t\t\t\t<\/div>\n\t\t\t\t<\/div>\n\t\t\t\t<div class=\"elementor-element elementor-element-f46ceb4 elementor-widget elementor-widget-html\" data-id=\"f46ceb4\" data-element_type=\"widget\" data-e-type=\"widget\" data-widget_type=\"html.default\">\n\t\t\t\t<div class=\"elementor-widget-container\">\n\t\t\t\t\t<!-- Elfsight All-in-One Reviews | Untitled All-in-One Reviews 2 -->\r\n<script src=\"https:\/\/elfsightcdn.com\/platform.js\" async=\"\"><\/script>\r\n<div class=\"elfsight-app-1d12d859-8841-4ea5-858f-5c22a7a5a08f\" data-elfsight-app-lazy=\"\"><\/div>\t\t\t\t<\/div>\n\t\t\t\t<\/div>\n\t\t\t\t<\/div>\n\t\t\t\t<\/div>\n\t\t\t\t<\/div>\n\t\t","protected":false},"excerpt":{"rendered":"<p>Despre hotel Clasic \u0219i spa\u021bios, hotelul \u201eIzola Paradise\u201c de 4 stele este situat se afl\u0103 \u00eentr-o zon\u0103 lini\u0219tit\u0103, la doar c\u00e2teva minute de mers pe jos de centrul celei mai mari sta\u021biuni de pe litoralul bulgar \u2013 Sunny Beach. Hotelul func\u021bioneaz\u0103 integral pe baza sistemului \u201eall inclusive\u201d \u0219i ofer\u0103 o varietate de m\u00e2nc\u0103ruri \u0219i b\u0103uturi. [&hellip;]<\/p>\n","protected":false},"author":2,"featured_media":0,"parent":0,"menu_order":0,"comment_status":"closed","ping_status":"closed","template":"","meta":{"footnotes":""},"class_list":["post-2155","page","type-page","status-publish","hentry"],"_links":{"self":[{"href":"https:\/\/izolaparadise.com\/ro\/wp-json\/wp\/v2\/pages\/2155","targetHints":{"allow":["GET"]}}],"collection":[{"href":"https:\/\/izolaparadise.com\/ro\/wp-json\/wp\/v2\/pages"}],"about":[{"href":"https:\/\/izolaparadise.com\/ro\/wp-json\/wp\/v2\/types\/page"}],"author":[{"embeddable":true,"href":"https:\/\/izolaparadise.com\/ro\/wp-json\/wp\/v2\/users\/2"}],"replies":[{"embeddable":true,"href":"https:\/\/izolaparadise.com\/ro\/wp-json\/wp\/v2\/comments?post=2155"}],"version-history":[{"count":6,"href":"https:\/\/izolaparadise.com\/ro\/wp-json\/wp\/v2\/pages\/2155\/revisions"}],"predecessor-version":[{"id":2207,"href":"https:\/\/izolaparadise.com\/ro\/wp-json\/wp\/v2\/pages\/2155\/revisions\/2207"}],"wp:attachment":[{"href":"https:\/\/izolaparadise.com\/ro\/wp-json\/wp\/v2\/media?parent=2155"}],"curies":[{"name":"wp","href":"https:\/\/api.w.org\/{rel}","templated":true}]}}